{"id":295,"date":"2023-11-06T22:23:24","date_gmt":"2023-11-06T19:23:24","guid":{"rendered":"https:\/\/bunavestiregiulesti.ro\/?page_id=295"},"modified":"2023-11-06T23:06:53","modified_gmt":"2023-11-06T20:06:53","slug":"istoric-cimitir","status":"publish","type":"page","link":"https:\/\/bunavestiregiulesti.ro\/?page_id=295","title":{"rendered":"Istoric Cimitir"},"content":{"rendered":"\n<ul class=\"wp-block-list\">\n<li>Cimitirul parohial a fost preluat \u00een anul 1987, fiind mutat de la Lacul Morii \u00een Giule\u0219ti S\u00e2rbi (fostul cimitir Cr\u00e2nga\u0219i) \u00een februarie 1986.<\/li>\n\n\n\n<li>Adresa cimitirului este Calea Giulesti nr. 550, sector 6, Bucuresti.<\/li>\n\n\n\n<li>Mutarea cimitirului s-a f\u0103cut conform Decretului nr. 242\/1987 \u015fi \u00een urma Deciziei nr. 215\/16 februarie 1988, Comitetul Executiv al CPMB a pus la dispozi\u021bia parohiei noastre 3.5 ha, at\u00e2t c\u00e2t a avut Cimitirul Cr\u00e2nga\u0219i. \u00cen urma Ordinului nr. 10\/01.02.1988 s-a f\u0103cut procesul verbal de predare-primire \u00een ziua de 01 august 1988 a suprafe\u021bei de 3.5 ha.<\/li>\n\n\n\n<li>Conform Avizului nr. 88\/26 Septembrie 1990, Comisia de Urbanism a CPMB a aprobat extinderea cimitirului cu 2.1 ha, ajung\u00e2nd la o suprafa\u021b\u0103 de 5.6 ha.<\/li>\n\n\n\n<li>\u00cen urma m\u0103sur\u0103torilor cadastrale suprafa\u021ba actuala a cimitirului este de 5.8 ha, num\u0103r cadastral 5043 \u015fi Carte Funciara nr. 83463.<\/li>\n<\/ul>\n\n\n<div class=\"wp-block-image\">\n<figure class=\"aligncenter size-full is-resized\"><img loading=\"lazy\" decoding=\"async\" width=\"700\" height=\"455\" src=\"https:\/\/bunavestiregiulesti.ro\/wp-content\/uploads\/2023\/11\/istoric1.jpg\" alt=\"\" class=\"wp-image-296\" style=\"aspect-ratio:1.5384615384615385;width:506px;height:auto\" srcset=\"https:\/\/bunavestiregiulesti.ro\/wp-content\/uploads\/2023\/11\/istoric1.jpg 700w, https:\/\/bunavestiregiulesti.ro\/wp-content\/uploads\/2023\/11\/istoric1-300x195.jpg 300w\" sizes=\"auto, (max-width: 700px) 100vw, 700px\" \/><\/figure>\n<\/div>\n\n\n<p><\/p>\n\n\n<div class=\"wp-block-image\">\n<figure class=\"aligncenter size-full is-resized\"><img loading=\"lazy\" decoding=\"async\" width=\"400\" height=\"643\" src=\"https:\/\/bunavestiregiulesti.ro\/wp-content\/uploads\/2023\/11\/istoric2.jpg\" alt=\"\" class=\"wp-image-297\" style=\"aspect-ratio:0.6220839813374806;width:314px;height:auto\" srcset=\"https:\/\/bunavestiregiulesti.ro\/wp-content\/uploads\/2023\/11\/istoric2.jpg 400w, https:\/\/bunavestiregiulesti.ro\/wp-content\/uploads\/2023\/11\/istoric2-187x300.jpg 187w\" sizes=\"auto, (max-width: 400px) 100vw, 400px\" \/><\/figure>\n<\/div>\n\n\n<p><\/p>\n\n\n\n<p>\u00cen incinta cimitirului se g\u0103sesc urm\u0103toarele construc\u021bii.<\/p>\n\n\n\n<ul class=\"wp-block-list\">\n<li>Biserica din cimitir, cu hramul &#8222;Sf. ier. Nicolae&#8221;, cu o suprafa\u021b\u0103 de 208 mp, av\u00e2nd demisol pentru osuar. Este construit\u0103 \u00eentre 1990-1995, pictura \u00een fresca fiind executat\u0103 de pictorul Gheorghe Albu. Exteriorul este \u00een strop de ciment \u0219i soclul tencuit cu ciment (culoare gri). Acoperi\u0219ul este din tabl\u0103, vopsit\u0103 cu vopsea de culoare maron. Pardoseala este din mozaic.<\/li>\n\n\n\n<li>Imobil locuin\u021b\u0103, administra\u021bie \u0219i trapeza \u00een suprafa\u021b\u0103 de 170 mp. Este construit\u0103 \u00eentre anii 1988-1995, (baraca de organizare a cimitirului fiind transformata \u00een acest imobil), la exterior fiind ca \u0219i biserica dat\u0103 cu strop de ciment iar acoperi\u0219ul din tabl\u0103 fiind vopsit cu vopsea maron.<\/li>\n\n\n\n<li>Trapeza care poate ad\u0103posti 50 persoane este pictat\u0103 de pictorul Gheorghe Albu, pardoseala fiind cu gresie. Are buc\u0103t\u0103rie, c\u0103mar\u0103 \u0219i un du\u015f.<\/li>\n\n\n\n<li>Administra\u021bia cimitirului este format\u0103 dintr-o camer\u0103 \u015fi un antreu de a\u0219teptare.<\/li>\n<\/ul>\n","protected":false},"excerpt":{"rendered":"<p>\u00cen incinta cimitirului se g\u0103sesc urm\u0103toarele construc\u021bii.<\/p>\n","protected":false},"author":1,"featured_media":0,"parent":0,"menu_order":0,"comment_status":"closed","ping_status":"closed","template":"","meta":{"ngg_post_thumbnail":0,"footnotes":""},"class_list":["entry","page","publish","author-administrator","post-295"],"yoast_head":"<!-- This site is optimized with the Yoast SEO plugin v24.8.1 - https:\/\/yoast.com\/wordpress\/plugins\/seo\/ -->\n<title>Istoric Cimitir - Parohia &quot;Buna Vestire&quot; Giule\u015fti<\/title>\n<meta name=\"robots\" content=\"index, follow, max-snippet:-1, max-image-preview:large, max-video-preview:-1\" \/>\n<link rel=\"canonical\" href=\"https:\/\/bunavestiregiulesti.ro\/?page_id=295\" \/>\n<meta property=\"og:locale\" content=\"ro_RO\" \/>\n<meta property=\"og:type\" content=\"article\" \/>\n<meta property=\"og:title\" content=\"Istoric Cimitir - Parohia &quot;Buna Vestire&quot; Giule\u015fti\" \/>\n<meta property=\"og:description\" content=\"\u00cen incinta cimitirului se g\u0103sesc urm\u0103toarele construc\u021bii.\" \/>\n<meta property=\"og:url\" content=\"https:\/\/bunavestiregiulesti.ro\/?page_id=295\" \/>\n<meta property=\"og:site_name\" content=\"Parohia &quot;Buna Vestire&quot; Giule\u015fti\" \/>\n<meta property=\"article:publisher\" content=\"https:\/\/bunavestiregiulesti.ro\/\" \/>\n<meta property=\"article:modified_time\" content=\"2023-11-06T20:06:53+00:00\" \/>\n<meta property=\"og:image\" content=\"https:\/\/bunavestiregiulesti.ro\/wp-content\/uploads\/2023\/11\/istoric1.jpg\" \/>\n<meta name=\"twitter:card\" content=\"summary_large_image\" \/>\n<meta name=\"twitter:label1\" content=\"Timp estimat pentru citire\" \/>\n\t<meta name=\"twitter:data1\" content=\"1 minut\" \/>\n<script type=\"application\/ld+json\" class=\"yoast-schema-graph\">{\"@context\":\"https:\/\/schema.org\",\"@graph\":[{\"@type\":\"WebPage\",\"@id\":\"https:\/\/bunavestiregiulesti.ro\/?page_id=295\",\"url\":\"https:\/\/bunavestiregiulesti.ro\/?page_id=295\",\"name\":\"Istoric Cimitir - Parohia &quot;Buna Vestire&quot; Giule\u015fti\",\"isPartOf\":{\"@id\":\"https:\/\/bunavestiregiulesti.ro\/#website\"},\"primaryImageOfPage\":{\"@id\":\"https:\/\/bunavestiregiulesti.ro\/?page_id=295#primaryimage\"},\"image\":{\"@id\":\"https:\/\/bunavestiregiulesti.ro\/?page_id=295#primaryimage\"},\"thumbnailUrl\":\"https:\/\/bunavestiregiulesti.ro\/wp-content\/uploads\/2023\/11\/istoric1.jpg\",\"datePublished\":\"2023-11-06T19:23:24+00:00\",\"dateModified\":\"2023-11-06T20:06:53+00:00\",\"breadcrumb\":{\"@id\":\"https:\/\/bunavestiregiulesti.ro\/?page_id=295#breadcrumb\"},\"inLanguage\":\"ro-RO\",\"potentialAction\":[{\"@type\":\"ReadAction\",\"target\":[\"https:\/\/bunavestiregiulesti.ro\/?page_id=295\"]}]},{\"@type\":\"ImageObject\",\"inLanguage\":\"ro-RO\",\"@id\":\"https:\/\/bunavestiregiulesti.ro\/?page_id=295#primaryimage\",\"url\":\"https:\/\/bunavestiregiulesti.ro\/wp-content\/uploads\/2023\/11\/istoric1.jpg\",\"contentUrl\":\"https:\/\/bunavestiregiulesti.ro\/wp-content\/uploads\/2023\/11\/istoric1.jpg\",\"width\":700,\"height\":455},{\"@type\":\"BreadcrumbList\",\"@id\":\"https:\/\/bunavestiregiulesti.ro\/?page_id=295#breadcrumb\",\"itemListElement\":[{\"@type\":\"ListItem\",\"position\":1,\"name\":\"Prima pagin\u0103\",\"item\":\"https:\/\/bunavestiregiulesti.ro\/\"},{\"@type\":\"ListItem\",\"position\":2,\"name\":\"Istoric Cimitir\"}]},{\"@type\":\"WebSite\",\"@id\":\"https:\/\/bunavestiregiulesti.ro\/#website\",\"url\":\"https:\/\/bunavestiregiulesti.ro\/\",\"name\":\"Parohia &quot;Buna Vestire&quot; Giule\u015fti\",\"description\":\"\",\"publisher\":{\"@id\":\"https:\/\/bunavestiregiulesti.ro\/#organization\"},\"inLanguage\":\"ro-RO\"},{\"@type\":\"Organization\",\"@id\":\"https:\/\/bunavestiregiulesti.ro\/#organization\",\"name\":\"Parohia &quot;Buna Vestire&quot; Giule\u015fti\",\"url\":\"https:\/\/bunavestiregiulesti.ro\/\",\"logo\":{\"@type\":\"ImageObject\",\"inLanguage\":\"ro-RO\",\"@id\":\"https:\/\/bunavestiregiulesti.ro\/#\/schema\/logo\/image\/\",\"url\":\"https:\/\/bunavestiregiulesti.ro\/wp-content\/uploads\/2023\/10\/logo2-e1697819113456.png\",\"contentUrl\":\"https:\/\/bunavestiregiulesti.ro\/wp-content\/uploads\/2023\/10\/logo2-e1697819113456.png\",\"width\":750,\"height\":167,\"caption\":\"Parohia &quot;Buna Vestire&quot; Giule\u015fti\"},\"image\":{\"@id\":\"https:\/\/bunavestiregiulesti.ro\/#\/schema\/logo\/image\/\"},\"sameAs\":[\"https:\/\/bunavestiregiulesti.ro\/\"]}]}<\/script>\n<!-- \/ Yoast SEO plugin. -->","yoast_head_json":{"title":"Istoric Cimitir - Parohia &quot;Buna Vestire&quot; Giule\u015fti","robots":{"index":"index","follow":"follow","max-snippet":"max-snippet:-1","max-image-preview":"max-image-preview:large","max-video-preview":"max-video-preview:-1"},"canonical":"https:\/\/bunavestiregiulesti.ro\/?page_id=295","og_locale":"ro_RO","og_type":"article","og_title":"Istoric Cimitir - Parohia &quot;Buna Vestire&quot; Giule\u015fti","og_description":"\u00cen incinta cimitirului se g\u0103sesc urm\u0103toarele construc\u021bii.","og_url":"https:\/\/bunavestiregiulesti.ro\/?page_id=295","og_site_name":"Parohia &quot;Buna Vestire&quot; Giule\u015fti","article_publisher":"https:\/\/bunavestiregiulesti.ro\/","article_modified_time":"2023-11-06T20:06:53+00:00","og_image":[{"url":"https:\/\/bunavestiregiulesti.ro\/wp-content\/uploads\/2023\/11\/istoric1.jpg","type":"","width":"","height":""}],"twitter_card":"summary_large_image","twitter_misc":{"Timp estimat pentru citire":"1 minut"},"schema":{"@context":"https:\/\/schema.org","@graph":[{"@type":"WebPage","@id":"https:\/\/bunavestiregiulesti.ro\/?page_id=295","url":"https:\/\/bunavestiregiulesti.ro\/?page_id=295","name":"Istoric Cimitir - Parohia &quot;Buna Vestire&quot; Giule\u015fti","isPartOf":{"@id":"https:\/\/bunavestiregiulesti.ro\/#website"},"primaryImageOfPage":{"@id":"https:\/\/bunavestiregiulesti.ro\/?page_id=295#primaryimage"},"image":{"@id":"https:\/\/bunavestiregiulesti.ro\/?page_id=295#primaryimage"},"thumbnailUrl":"https:\/\/bunavestiregiulesti.ro\/wp-content\/uploads\/2023\/11\/istoric1.jpg","datePublished":"2023-11-06T19:23:24+00:00","dateModified":"2023-11-06T20:06:53+00:00","breadcrumb":{"@id":"https:\/\/bunavestiregiulesti.ro\/?page_id=295#breadcrumb"},"inLanguage":"ro-RO","potentialAction":[{"@type":"ReadAction","target":["https:\/\/bunavestiregiulesti.ro\/?page_id=295"]}]},{"@type":"ImageObject","inLanguage":"ro-RO","@id":"https:\/\/bunavestiregiulesti.ro\/?page_id=295#primaryimage","url":"https:\/\/bunavestiregiulesti.ro\/wp-content\/uploads\/2023\/11\/istoric1.jpg","contentUrl":"https:\/\/bunavestiregiulesti.ro\/wp-content\/uploads\/2023\/11\/istoric1.jpg","width":700,"height":455},{"@type":"BreadcrumbList","@id":"https:\/\/bunavestiregiulesti.ro\/?page_id=295#breadcrumb","itemListElement":[{"@type":"ListItem","position":1,"name":"Prima pagin\u0103","item":"https:\/\/bunavestiregiulesti.ro\/"},{"@type":"ListItem","position":2,"name":"Istoric Cimitir"}]},{"@type":"WebSite","@id":"https:\/\/bunavestiregiulesti.ro\/#website","url":"https:\/\/bunavestiregiulesti.ro\/","name":"Parohia &quot;Buna Vestire&quot; Giule\u015fti","description":"","publisher":{"@id":"https:\/\/bunavestiregiulesti.ro\/#organization"},"inLanguage":"ro-RO"},{"@type":"Organization","@id":"https:\/\/bunavestiregiulesti.ro\/#organization","name":"Parohia &quot;Buna Vestire&quot; Giule\u015fti","url":"https:\/\/bunavestiregiulesti.ro\/","logo":{"@type":"ImageObject","inLanguage":"ro-RO","@id":"https:\/\/bunavestiregiulesti.ro\/#\/schema\/logo\/image\/","url":"https:\/\/bunavestiregiulesti.ro\/wp-content\/uploads\/2023\/10\/logo2-e1697819113456.png","contentUrl":"https:\/\/bunavestiregiulesti.ro\/wp-content\/uploads\/2023\/10\/logo2-e1697819113456.png","width":750,"height":167,"caption":"Parohia &quot;Buna Vestire&quot; Giule\u015fti"},"image":{"@id":"https:\/\/bunavestiregiulesti.ro\/#\/schema\/logo\/image\/"},"sameAs":["https:\/\/bunavestiregiulesti.ro\/"]}]}},"_links":{"self":[{"href":"https:\/\/bunavestiregiulesti.ro\/index.php?rest_route=\/wp\/v2\/pages\/295","targetHints":{"allow":["GET"]}}],"collection":[{"href":"https:\/\/bunavestiregiulesti.ro\/index.php?rest_route=\/wp\/v2\/pages"}],"about":[{"href":"https:\/\/bunavestiregiulesti.ro\/index.php?rest_route=\/wp\/v2\/types\/page"}],"author":[{"embeddable":true,"href":"https:\/\/bunavestiregiulesti.ro\/index.php?rest_route=\/wp\/v2\/users\/1"}],"replies":[{"embeddable":true,"href":"https:\/\/bunavestiregiulesti.ro\/index.php?rest_route=%2Fwp%2Fv2%2Fcomments&post=295"}],"version-history":[{"count":3,"href":"https:\/\/bunavestiregiulesti.ro\/index.php?rest_route=\/wp\/v2\/pages\/295\/revisions"}],"predecessor-version":[{"id":301,"href":"https:\/\/bunavestiregiulesti.ro\/index.php?rest_route=\/wp\/v2\/pages\/295\/revisions\/301"}],"wp:attachment":[{"href":"https:\/\/bunavestiregiulesti.ro\/index.php?rest_route=%2Fwp%2Fv2%2Fmedia&parent=295"}],"curies":[{"name":"wp","href":"https:\/\/api.w.org\/{rel}","templated":true}]}}