{"id":166,"date":"2023-10-26T21:54:21","date_gmt":"2023-10-26T18:54:21","guid":{"rendered":"https:\/\/bunavestiregiulesti.ro\/?page_id=166"},"modified":"2024-02-08T22:32:36","modified_gmt":"2024-02-08T20:32:36","slug":"contact","status":"publish","type":"page","link":"https:\/\/bunavestiregiulesti.ro\/?page_id=166","title":{"rendered":"Contact"},"content":{"rendered":"\n<h3 class=\"wp-block-heading\">Parohia Buna Vestire Giule\u0219ti<\/h3>\n\n\n\n<h3 class=\"wp-block-heading\"><em>Adres\u0103 Biseric\u0103: Calea Giule\u0219ti nr. 111A, Sector 6, Bucure\u0219ti<\/em><\/h3>\n\n\n\n<h3 class=\"wp-block-heading\"><em>Adres\u0103 Cimitir: Calea Giule\u0219ti nr. 550, Sector 6, Bucure\u0219ti<\/em><\/h3>\n\n\n\n<p>Email:\u00a0\u00a0\u00a0BVGiulesti[@]gmail.com, f\u0103r\u0103 []<\/p>\n\n\n\n<h3 class=\"wp-block-heading\">Mijloace de transport: 11, 44, 162, 163<\/h3>\n\n\n\n<h2 class=\"wp-block-heading\"><a href=\"https:\/\/bunavestiregiulesti.ro\/?page_id=238\">Telefoane Preo\u0163i slujitori<\/a><\/h2>\n\n\n\n<p>Click pe Harta pentru a vedea imaginea 3D cu Biserica Buna Vestire Giule\u015fti<\/p>\n\n\n<div class=\"wp-block-image\">\n<figure class=\"aligncenter size-full\"><a href=\"https:\/\/www.google.com\/maps\/@44.4605508,26.0468176,3a,75y,223.43h,109.82t\/data=!3m6!1e1!3m4!1sCmqPe6TILX56ifArxLXz3g!2e0!7i16384!8i8192?entry=ttu\" target=\"_blank\" rel=\"noreferrer noopener\"><img loading=\"lazy\" decoding=\"async\" width=\"817\" height=\"612\" src=\"https:\/\/bunavestiregiulesti.ro\/wp-content\/uploads\/2023\/10\/harta3d.png\" alt=\"\" class=\"wp-image-167\" srcset=\"https:\/\/bunavestiregiulesti.ro\/wp-content\/uploads\/2023\/10\/harta3d.png 817w, https:\/\/bunavestiregiulesti.ro\/wp-content\/uploads\/2023\/10\/harta3d-300x225.png 300w, https:\/\/bunavestiregiulesti.ro\/wp-content\/uploads\/2023\/10\/harta3d-768x575.png 768w\" sizes=\"auto, (max-width: 817px) 100vw, 817px\" \/><\/a><\/figure>\n<\/div>\n\n\n<p><\/p>\n","protected":false},"excerpt":{"rendered":"<p>Parohia Buna Vestire Giule\u0219ti Adres\u0103 Biseric\u0103: Calea Giule\u0219ti nr. 111A, Sector 6, Bucure\u0219ti Adres\u0103 Cimitir: Calea Giule\u0219ti nr. 550, Sector 6, Bucure\u0219ti Email:\u00a0\u00a0\u00a0BVGiulesti[@]gmail.com, f\u0103r\u0103 [] Mijloace de transport: 11, 44, 162, 163 Telefoane Preo\u0163i slujitori Click pe Harta pentru a vedea imaginea 3D cu Biserica Buna Vestire Giule\u015fti<\/p>\n","protected":false},"author":1,"featured_media":0,"parent":0,"menu_order":0,"comment_status":"closed","ping_status":"closed","template":"","meta":{"ngg_post_thumbnail":0,"footnotes":""},"class_list":["entry","page","publish","author-administrator","post-166"],"yoast_head":"<!-- This site is optimized with the Yoast SEO plugin v24.8.1 - https:\/\/yoast.com\/wordpress\/plugins\/seo\/ -->\n<title>Contact - Parohia &quot;Buna Vestire&quot; Giule\u015fti<\/title>\n<meta name=\"robots\" content=\"index, follow, max-snippet:-1, max-image-preview:large, max-video-preview:-1\" \/>\n<link rel=\"canonical\" href=\"https:\/\/bunavestiregiulesti.ro\/?page_id=166\" \/>\n<meta property=\"og:locale\" content=\"ro_RO\" \/>\n<meta property=\"og:type\" content=\"article\" \/>\n<meta property=\"og:title\" content=\"Contact - Parohia &quot;Buna Vestire&quot; Giule\u015fti\" \/>\n<meta property=\"og:description\" content=\"Parohia Buna Vestire Giule\u0219ti Adres\u0103 Biseric\u0103: Calea Giule\u0219ti nr. 111A, Sector 6, Bucure\u0219ti Adres\u0103 Cimitir: Calea Giule\u0219ti nr. 550, Sector 6, Bucure\u0219ti Email:\u00a0\u00a0\u00a0BVGiulesti[@]gmail.com, f\u0103r\u0103 [] Mijloace de transport: 11, 44, 162, 163 Telefoane Preo\u0163i slujitori Click pe Harta pentru a vedea imaginea 3D cu Biserica Buna Vestire Giule\u015fti\" \/>\n<meta property=\"og:url\" content=\"https:\/\/bunavestiregiulesti.ro\/?page_id=166\" \/>\n<meta property=\"og:site_name\" content=\"Parohia &quot;Buna Vestire&quot; Giule\u015fti\" \/>\n<meta property=\"article:publisher\" content=\"https:\/\/bunavestiregiulesti.ro\/\" \/>\n<meta property=\"article:modified_time\" content=\"2024-02-08T20:32:36+00:00\" \/>\n<meta property=\"og:image\" content=\"https:\/\/bunavestiregiulesti.ro\/wp-content\/uploads\/2023\/10\/harta3d.png\" \/>\n<meta name=\"twitter:card\" content=\"summary_large_image\" \/>\n<meta name=\"twitter:label1\" content=\"Timp estimat pentru citire\" \/>\n\t<meta name=\"twitter:data1\" content=\"1 minut\" \/>\n<script type=\"application\/ld+json\" class=\"yoast-schema-graph\">{\"@context\":\"https:\/\/schema.org\",\"@graph\":[{\"@type\":\"WebPage\",\"@id\":\"https:\/\/bunavestiregiulesti.ro\/?page_id=166\",\"url\":\"https:\/\/bunavestiregiulesti.ro\/?page_id=166\",\"name\":\"Contact - Parohia &quot;Buna Vestire&quot; Giule\u015fti\",\"isPartOf\":{\"@id\":\"https:\/\/bunavestiregiulesti.ro\/#website\"},\"primaryImageOfPage\":{\"@id\":\"https:\/\/bunavestiregiulesti.ro\/?page_id=166#primaryimage\"},\"image\":{\"@id\":\"https:\/\/bunavestiregiulesti.ro\/?page_id=166#primaryimage\"},\"thumbnailUrl\":\"https:\/\/bunavestiregiulesti.ro\/wp-content\/uploads\/2023\/10\/harta3d.png\",\"datePublished\":\"2023-10-26T18:54:21+00:00\",\"dateModified\":\"2024-02-08T20:32:36+00:00\",\"breadcrumb\":{\"@id\":\"https:\/\/bunavestiregiulesti.ro\/?page_id=166#breadcrumb\"},\"inLanguage\":\"ro-RO\",\"potentialAction\":[{\"@type\":\"ReadAction\",\"target\":[\"https:\/\/bunavestiregiulesti.ro\/?page_id=166\"]}]},{\"@type\":\"ImageObject\",\"inLanguage\":\"ro-RO\",\"@id\":\"https:\/\/bunavestiregiulesti.ro\/?page_id=166#primaryimage\",\"url\":\"https:\/\/bunavestiregiulesti.ro\/wp-content\/uploads\/2023\/10\/harta3d.png\",\"contentUrl\":\"https:\/\/bunavestiregiulesti.ro\/wp-content\/uploads\/2023\/10\/harta3d.png\",\"width\":817,\"height\":612},{\"@type\":\"BreadcrumbList\",\"@id\":\"https:\/\/bunavestiregiulesti.ro\/?page_id=166#breadcrumb\",\"itemListElement\":[{\"@type\":\"ListItem\",\"position\":1,\"name\":\"Prima pagin\u0103\",\"item\":\"https:\/\/bunavestiregiulesti.ro\/\"},{\"@type\":\"ListItem\",\"position\":2,\"name\":\"Contact\"}]},{\"@type\":\"WebSite\",\"@id\":\"https:\/\/bunavestiregiulesti.ro\/#website\",\"url\":\"https:\/\/bunavestiregiulesti.ro\/\",\"name\":\"Parohia &quot;Buna Vestire&quot; Giule\u015fti\",\"description\":\"\",\"publisher\":{\"@id\":\"https:\/\/bunavestiregiulesti.ro\/#organization\"},\"inLanguage\":\"ro-RO\"},{\"@type\":\"Organization\",\"@id\":\"https:\/\/bunavestiregiulesti.ro\/#organization\",\"name\":\"Parohia &quot;Buna Vestire&quot; Giule\u015fti\",\"url\":\"https:\/\/bunavestiregiulesti.ro\/\",\"logo\":{\"@type\":\"ImageObject\",\"inLanguage\":\"ro-RO\",\"@id\":\"https:\/\/bunavestiregiulesti.ro\/#\/schema\/logo\/image\/\",\"url\":\"https:\/\/bunavestiregiulesti.ro\/wp-content\/uploads\/2023\/10\/logo2-e1697819113456.png\",\"contentUrl\":\"https:\/\/bunavestiregiulesti.ro\/wp-content\/uploads\/2023\/10\/logo2-e1697819113456.png\",\"width\":750,\"height\":167,\"caption\":\"Parohia &quot;Buna Vestire&quot; Giule\u015fti\"},\"image\":{\"@id\":\"https:\/\/bunavestiregiulesti.ro\/#\/schema\/logo\/image\/\"},\"sameAs\":[\"https:\/\/bunavestiregiulesti.ro\/\"]}]}<\/script>\n<!-- \/ Yoast SEO plugin. -->","yoast_head_json":{"title":"Contact - Parohia &quot;Buna Vestire&quot; Giule\u015fti","robots":{"index":"index","follow":"follow","max-snippet":"max-snippet:-1","max-image-preview":"max-image-preview:large","max-video-preview":"max-video-preview:-1"},"canonical":"https:\/\/bunavestiregiulesti.ro\/?page_id=166","og_locale":"ro_RO","og_type":"article","og_title":"Contact - Parohia &quot;Buna Vestire&quot; Giule\u015fti","og_description":"Parohia Buna Vestire Giule\u0219ti Adres\u0103 Biseric\u0103: Calea Giule\u0219ti nr. 111A, Sector 6, Bucure\u0219ti Adres\u0103 Cimitir: Calea Giule\u0219ti nr. 550, Sector 6, Bucure\u0219ti Email:\u00a0\u00a0\u00a0BVGiulesti[@]gmail.com, f\u0103r\u0103 [] Mijloace de transport: 11, 44, 162, 163 Telefoane Preo\u0163i slujitori Click pe Harta pentru a vedea imaginea 3D cu Biserica Buna Vestire Giule\u015fti","og_url":"https:\/\/bunavestiregiulesti.ro\/?page_id=166","og_site_name":"Parohia &quot;Buna Vestire&quot; Giule\u015fti","article_publisher":"https:\/\/bunavestiregiulesti.ro\/","article_modified_time":"2024-02-08T20:32:36+00:00","og_image":[{"url":"https:\/\/bunavestiregiulesti.ro\/wp-content\/uploads\/2023\/10\/harta3d.png","type":"","width":"","height":""}],"twitter_card":"summary_large_image","twitter_misc":{"Timp estimat pentru citire":"1 minut"},"schema":{"@context":"https:\/\/schema.org","@graph":[{"@type":"WebPage","@id":"https:\/\/bunavestiregiulesti.ro\/?page_id=166","url":"https:\/\/bunavestiregiulesti.ro\/?page_id=166","name":"Contact - Parohia &quot;Buna Vestire&quot; Giule\u015fti","isPartOf":{"@id":"https:\/\/bunavestiregiulesti.ro\/#website"},"primaryImageOfPage":{"@id":"https:\/\/bunavestiregiulesti.ro\/?page_id=166#primaryimage"},"image":{"@id":"https:\/\/bunavestiregiulesti.ro\/?page_id=166#primaryimage"},"thumbnailUrl":"https:\/\/bunavestiregiulesti.ro\/wp-content\/uploads\/2023\/10\/harta3d.png","datePublished":"2023-10-26T18:54:21+00:00","dateModified":"2024-02-08T20:32:36+00:00","breadcrumb":{"@id":"https:\/\/bunavestiregiulesti.ro\/?page_id=166#breadcrumb"},"inLanguage":"ro-RO","potentialAction":[{"@type":"ReadAction","target":["https:\/\/bunavestiregiulesti.ro\/?page_id=166"]}]},{"@type":"ImageObject","inLanguage":"ro-RO","@id":"https:\/\/bunavestiregiulesti.ro\/?page_id=166#primaryimage","url":"https:\/\/bunavestiregiulesti.ro\/wp-content\/uploads\/2023\/10\/harta3d.png","contentUrl":"https:\/\/bunavestiregiulesti.ro\/wp-content\/uploads\/2023\/10\/harta3d.png","width":817,"height":612},{"@type":"BreadcrumbList","@id":"https:\/\/bunavestiregiulesti.ro\/?page_id=166#breadcrumb","itemListElement":[{"@type":"ListItem","position":1,"name":"Prima pagin\u0103","item":"https:\/\/bunavestiregiulesti.ro\/"},{"@type":"ListItem","position":2,"name":"Contact"}]},{"@type":"WebSite","@id":"https:\/\/bunavestiregiulesti.ro\/#website","url":"https:\/\/bunavestiregiulesti.ro\/","name":"Parohia &quot;Buna Vestire&quot; Giule\u015fti","description":"","publisher":{"@id":"https:\/\/bunavestiregiulesti.ro\/#organization"},"inLanguage":"ro-RO"},{"@type":"Organization","@id":"https:\/\/bunavestiregiulesti.ro\/#organization","name":"Parohia &quot;Buna Vestire&quot; Giule\u015fti","url":"https:\/\/bunavestiregiulesti.ro\/","logo":{"@type":"ImageObject","inLanguage":"ro-RO","@id":"https:\/\/bunavestiregiulesti.ro\/#\/schema\/logo\/image\/","url":"https:\/\/bunavestiregiulesti.ro\/wp-content\/uploads\/2023\/10\/logo2-e1697819113456.png","contentUrl":"https:\/\/bunavestiregiulesti.ro\/wp-content\/uploads\/2023\/10\/logo2-e1697819113456.png","width":750,"height":167,"caption":"Parohia &quot;Buna Vestire&quot; Giule\u015fti"},"image":{"@id":"https:\/\/bunavestiregiulesti.ro\/#\/schema\/logo\/image\/"},"sameAs":["https:\/\/bunavestiregiulesti.ro\/"]}]}},"_links":{"self":[{"href":"https:\/\/bunavestiregiulesti.ro\/index.php?rest_route=\/wp\/v2\/pages\/166","targetHints":{"allow":["GET"]}}],"collection":[{"href":"https:\/\/bunavestiregiulesti.ro\/index.php?rest_route=\/wp\/v2\/pages"}],"about":[{"href":"https:\/\/bunavestiregiulesti.ro\/index.php?rest_route=\/wp\/v2\/types\/page"}],"author":[{"embeddable":true,"href":"https:\/\/bunavestiregiulesti.ro\/index.php?rest_route=\/wp\/v2\/users\/1"}],"replies":[{"embeddable":true,"href":"https:\/\/bunavestiregiulesti.ro\/index.php?rest_route=%2Fwp%2Fv2%2Fcomments&post=166"}],"version-history":[{"count":12,"href":"https:\/\/bunavestiregiulesti.ro\/index.php?rest_route=\/wp\/v2\/pages\/166\/revisions"}],"predecessor-version":[{"id":556,"href":"https:\/\/bunavestiregiulesti.ro\/index.php?rest_route=\/wp\/v2\/pages\/166\/revisions\/556"}],"wp:attachment":[{"href":"https:\/\/bunavestiregiulesti.ro\/index.php?rest_route=%2Fwp%2Fv2%2Fmedia&parent=166"}],"curies":[{"name":"wp","href":"https:\/\/api.w.org\/{rel}","templated":true}]}}